{"id":37074,"date":"2023-06-08T13:47:39","date_gmt":"2023-06-08T13:47:39","guid":{"rendered":"https:\/\/justhanger.store\/?page_id=37074"},"modified":"2023-06-23T12:57:41","modified_gmt":"2023-06-23T12:57:41","slug":"catalogs","status":"publish","type":"page","link":"https:\/\/justhanger.store\/sl\/katalog\/","title":{"rendered":"Katalog"},"content":{"rendered":"<p>[et_pb_section fb_built=&#8221;1&#8243; custom_padding_last_edited=&#8221;on|phone&#8221; _builder_version=&#8221;4.21.0&#8243; _module_preset=&#8221;default&#8221; background_color=&#8221;rgba(0,0,0,0.6)&#8221; background_image=&#8221;https:\/\/justhanger.store\/wp-content\/uploads\/2023\/06\/JustHanger_Wooden_Hanger_Personaly_Hand_Made-scaled.jpg&#8221; background_position=&#8221;top_center&#8221; background_blend=&#8221;overlay&#8221; custom_margin=&#8221;0px||0px||true|false&#8221; custom_padding=&#8221;100px||100px||true|false&#8221; custom_padding_tablet=&#8221;60px||60px||true|false&#8221; custom_padding_phone=&#8221;40px||40px||true|false&#8221; locked=&#8221;off&#8221; global_colors_info=&#8221;{}&#8221;][et_pb_row _builder_version=&#8221;4.21.0&#8243; _module_preset=&#8221;default&#8221; custom_margin=&#8221;0px||0px||true|false&#8221; custom_padding=&#8221;0px||0px||true|false&#8221; global_colors_info=&#8221;{}&#8221;][et_pb_column type=&#8221;4_4&#8243; _builder_version=&#8221;4.21.0&#8243; _module_preset=&#8221;default&#8221; global_colors_info=&#8221;{}&#8221;][et_pb_text _builder_version=&#8221;4.21.0&#8243; _module_preset=&#8221;default&#8221; header_2_font=&#8221;Avenir|700|||||||&#8221; header_2_text_align=&#8221;center&#8221; header_2_text_color=&#8221;#FFFFFF&#8221; header_2_font_size=&#8221;60px&#8221; header_2_line_height=&#8221;1.2em&#8221; custom_margin=&#8221;||||false|false&#8221; custom_margin_tablet=&#8221;||||false|false&#8221; custom_margin_phone=&#8221;||||false|false&#8221; custom_margin_last_edited=&#8221;on|phone&#8221; header_2_font_size_tablet=&#8221;48px&#8221; header_2_font_size_phone=&#8221;36px&#8221; header_2_font_size_last_edited=&#8221;on|phone&#8221; global_colors_info=&#8221;{}&#8221;]<\/p>\n<h2>Katalog<\/h2>\n<p>[\/et_pb_text][\/et_pb_column][\/et_pb_row][\/et_pb_section][et_pb_section fb_built=&#8221;1&#8243; custom_padding_last_edited=&#8221;on|phone&#8221; _builder_version=&#8221;4.21.0&#8243; _module_preset=&#8221;default&#8221; custom_margin=&#8221;0px||0px||true|false&#8221; custom_padding=&#8221;100px||100px||true|false&#8221; custom_padding_tablet=&#8221;60px||60px||true|false&#8221; custom_padding_phone=&#8221;40px||40px||true|false&#8221; global_colors_info=&#8221;{}&#8221;][et_pb_row column_structure=&#8221;1_2,1_2&#8243; _builder_version=&#8221;4.21.0&#8243; _module_preset=&#8221;default&#8221; custom_margin=&#8221;0px||0px||true|false&#8221; custom_padding=&#8221;0px||0px||true|false&#8221; custom_css_main_element=&#8221;display: flex;||flex-direction: row;||align-items: center;||justify-content: center;&#8221; border_width_all=&#8221;1px&#8221; border_color_all=&#8221;gcid-8d967a9e-8d44-4842-8814-b57c8b2f8e66&#8243; box_shadow_style=&#8221;preset1&#8243; box_shadow_blur=&#8221;12px&#8221; global_colors_info=&#8221;{%22gcid-8d967a9e-8d44-4842-8814-b57c8b2f8e66%22:%91%22border_color_all%22%93}&#8221; custom_css_main_element_last_edited=&#8221;on|phone&#8221; custom_css_main_element_tablet=&#8221;display: flex;||flex-direction: column;||align-items: center;||justify-content: center;&#8221; custom_css_main_element_phone=&#8221;display: flex;||flex-direction: column;||align-items: center;||justify-content: center;&#8221;][et_pb_column type=&#8221;1_2&#8243; _builder_version=&#8221;4.21.0&#8243; _module_preset=&#8221;default&#8221; global_colors_info=&#8221;{}&#8221;][et_pb_image src=&#8221;https:\/\/justhanger.store\/wp-content\/uploads\/2023\/06\/Catalog-01-scaled.jpg&#8221; title_text=&#8221;Catalog-01&#8243; _builder_version=&#8221;4.21.0&#8243; _module_preset=&#8221;default&#8221; global_colors_info=&#8221;{}&#8221;][\/et_pb_image][\/et_pb_column][et_pb_column type=&#8221;1_2&#8243; _builder_version=&#8221;4.21.0&#8243; _module_preset=&#8221;default&#8221; custom_padding=&#8221;20px|20px|20px|20px|true|true&#8221; global_colors_info=&#8221;{}&#8221;][et_pb_text _builder_version=&#8221;4.21.0&#8243; _module_preset=&#8221;default&#8221; header_3_font=&#8221;Montserrat|300|||||||&#8221; header_3_text_color=&#8221;#000000&#8243; header_3_font_size=&#8221;32px&#8221; header_3_line_height=&#8221;1.2em&#8221; custom_margin=&#8221;0px||10px||false|false&#8221; custom_padding=&#8221;0px||0px||true|false&#8221; header_3_font_size_tablet=&#8221;26px&#8221; header_3_font_size_phone=&#8221;20px&#8221; header_3_font_size_last_edited=&#8221;on|phone&#8221; global_colors_info=&#8221;{}&#8221;]<\/p>\n<h3>O\u017eivite svojo omaro: Pustite se prevzeti lepoti lesenih obe\u0161alnikov<\/h3>\n<p>[\/et_pb_text][et_pb_text _builder_version=&#8221;4.21.0&#8243; _module_preset=&#8221;default&#8221; text_font=&#8221;||||||||&#8221; text_text_color=&#8221;#000000&#8243; text_line_height=&#8221;1.4em&#8221; custom_margin=&#8221;0px||0px||true|false&#8221; custom_padding=&#8221;0px||0px||true|false&#8221; text_font_size_tablet=&#8221;14px&#8221; text_font_size_phone=&#8221;14px&#8221; text_font_size_last_edited=&#8221;off|desktop&#8221; global_colors_info=&#8221;{}&#8221;]<\/p>\n<p>Odkrijte izvrstno zbirko vrhunskih lesenih obe\u0161alnikov, ki so zasnovani tako, da predstavijo va\u0161o garderobo in hkrati ohranijo celovitost va\u0161ih obla\u010dil.<\/p>\n<p>[\/et_pb_text][et_pb_button button_url=&#8221;https:\/\/justhanger.store\/wp-content\/uploads\/2023\/06\/Catalog-01.pdf&#8221; url_new_window=&#8221;on&#8221; button_text=&#8221;Open catalog&#8221; _builder_version=&#8221;4.21.0&#8243; _module_preset=&#8221;default&#8221; custom_button=&#8221;on&#8221; button_text_size=&#8221;16px&#8221; button_text_color=&#8221;#FFFFFF&#8221; button_bg_color=&#8221;gcid-d2aad3ce-a5f0-434e-9d09-b8275fd0a07a&#8221; button_border_width=&#8221;0px&#8221; button_border_color=&#8221;RGBA(255,255,255,0)&#8221; button_border_radius=&#8221;0px&#8221; button_icon=&#8221;&#x24;||divi||400&#8243; custom_margin=&#8221;20px||0px||false|false&#8221; custom_padding=&#8221;12px|32px|12px|32px|true|true&#8221; hover_enabled=&#8221;0&#8243; global_colors_info=&#8221;{%22gcid-d2aad3ce-a5f0-434e-9d09-b8275fd0a07a%22:%91%22button_bg_color%22%93}&#8221; sticky_enabled=&#8221;0&#8243; button_bg_enable_color=&#8221;on&#8221; button_icon_color=&#8221;#FFFFFF&#8221;][\/et_pb_button][\/et_pb_column][\/et_pb_row][et_pb_row column_structure=&#8221;1_2,1_2&#8243; _builder_version=&#8221;4.21.0&#8243; _module_preset=&#8221;default&#8221; custom_margin=&#8221;60px||0px||false|false&#8221; custom_margin_tablet=&#8221;40px||||false|false&#8221; custom_margin_phone=&#8221;20px||0px||false|false&#8221; custom_margin_last_edited=&#8221;on|phone&#8221; custom_padding=&#8221;0px||0px||true|false&#8221; custom_css_main_element=&#8221;display: flex;||flex-direction: row;||align-items: center;||justify-content: center;&#8221; border_width_all=&#8221;1px&#8221; border_color_all=&#8221;gcid-8d967a9e-8d44-4842-8814-b57c8b2f8e66&#8243; box_shadow_style=&#8221;preset1&#8243; box_shadow_blur=&#8221;12px&#8221; global_colors_info=&#8221;{%22gcid-8d967a9e-8d44-4842-8814-b57c8b2f8e66%22:%91%22border_color_all%22%93}&#8221; custom_css_main_element_last_edited=&#8221;on|phone&#8221; custom_css_main_element_tablet=&#8221;display: flex;||flex-direction: column;||align-items: center;||justify-content: center;&#8221; custom_css_main_element_phone=&#8221;display: flex;||flex-direction: column;||align-items: center;||justify-content: center;&#8221;][et_pb_column type=&#8221;1_2&#8243; _builder_version=&#8221;4.21.0&#8243; _module_preset=&#8221;default&#8221; global_colors_info=&#8221;{}&#8221;][et_pb_image src=&#8221;https:\/\/justhanger.store\/wp-content\/uploads\/2023\/06\/Catalog-02.jpg&#8221; title_text=&#8221;Catalog-02&#8243; _builder_version=&#8221;4.21.0&#8243; _module_preset=&#8221;default&#8221; global_colors_info=&#8221;{}&#8221;][\/et_pb_image][\/et_pb_column][et_pb_column type=&#8221;1_2&#8243; _builder_version=&#8221;4.21.0&#8243; _module_preset=&#8221;default&#8221; custom_padding=&#8221;20px|20px|20px|20px|true|true&#8221; global_colors_info=&#8221;{}&#8221;][et_pb_text _builder_version=&#8221;4.21.0&#8243; _module_preset=&#8221;default&#8221; header_3_font=&#8221;Montserrat|300|||||||&#8221; header_3_text_color=&#8221;#000000&#8243; header_3_font_size=&#8221;32px&#8221; header_3_line_height=&#8221;1.2em&#8221; custom_margin=&#8221;0px||10px||false|false&#8221; custom_padding=&#8221;0px||0px||true|false&#8221; header_3_font_size_tablet=&#8221;26px&#8221; header_3_font_size_phone=&#8221;20px&#8221; header_3_font_size_last_edited=&#8221;on|phone&#8221; global_colors_info=&#8221;{}&#8221;]<\/p>\n<h3>Naravna eleganca: Razkritje na\u0161e zbirke lesenih obe\u0161alnikov<\/h3>\n<p>[\/et_pb_text][et_pb_text _builder_version=&#8221;4.21.0&#8243; _module_preset=&#8221;default&#8221; text_font=&#8221;||||||||&#8221; text_text_color=&#8221;#000000&#8243; text_line_height=&#8221;1.4em&#8221; custom_margin=&#8221;0px||0px||true|false&#8221; custom_padding=&#8221;0px||0px||true|false&#8221; global_colors_info=&#8221;{}&#8221;]<\/p>\n<p>Potopite se v brez\u010dasno lepoto in trajnostno izdelavo na\u0161ih lesenih obe\u0161alnikov, ki so skrbno oblikovani, da izbolj\u0161ajo va\u0161o omaro in dopolnijo va\u0161 slog.<\/p>\n<p>[\/et_pb_text][et_pb_button button_url=&#8221;https:\/\/justhanger.store\/wp-content\/uploads\/2023\/06\/Catalog-02.pdf&#8221; url_new_window=&#8221;on&#8221; button_text=&#8221;Open catalog&#8221; _builder_version=&#8221;4.21.0&#8243; _module_preset=&#8221;default&#8221; custom_button=&#8221;on&#8221; button_text_size=&#8221;16px&#8221; button_text_color=&#8221;#FFFFFF&#8221; button_bg_color=&#8221;gcid-d2aad3ce-a5f0-434e-9d09-b8275fd0a07a&#8221; button_border_width=&#8221;0px&#8221; button_border_color=&#8221;RGBA(255,255,255,0)&#8221; button_border_radius=&#8221;0px&#8221; button_icon=&#8221;&#x24;||divi||400&#8243; custom_margin=&#8221;20px||0px||false|false&#8221; custom_padding=&#8221;12px|32px|12px|32px|true|true&#8221; global_colors_info=&#8221;{%22gcid-d2aad3ce-a5f0-434e-9d09-b8275fd0a07a%22:%91%22button_bg_color%22%93,%22gcid-8d967a9e-8d44-4842-8814-b57c8b2f8e66%22:%91%22button_bg_color%22%93}&#8221; button_icon_color=&#8221;#FFFFFF&#8221; button_bg_enable_color=&#8221;on&#8221; hover_enabled=&#8221;0&#8243; sticky_enabled=&#8221;0&#8243;][\/et_pb_button][\/et_pb_column][\/et_pb_row][\/et_pb_section]<\/p>","protected":false},"excerpt":{"rendered":"<p>CatalogsRevitalize Your Closet: Embrace the Beauty of Wooden HangersDiscover an exquisite collection of premium wooden hangers designed to showcase your wardrobe while preserving the integrity of your garments.Organic Elegance: Unveiling Our Wooden Hangers CollectionImmerse yourself in the timeless beauty and sustainable craftsmanship of our wooden hangers, meticulously designed to enhance your closet and complement your [&hellip;]<\/p>","protected":false},"author":1,"featured_media":0,"parent":0,"menu_order":0,"comment_status":"closed","ping_status":"closed","template":"","meta":{"_acf_changed":false,"_et_pb_use_builder":"on","_et_pb_old_content":"<!-- wp:divi\/placeholder \/-->","_et_gb_content_width":"","_monsterinsights_skip_tracking":false,"_monsterinsights_sitenote_active":false,"_monsterinsights_sitenote_note":"","_monsterinsights_sitenote_category":0,"footnotes":""},"class_list":["post-37074","page","type-page","status-publish","hentry"],"acf":[],"yoast_head":"<!-- This site is optimized with the Yoast SEO plugin v27.4 - https:\/\/yoast.com\/product\/yoast-seo-wordpress\/ -->\n<title>Catalogs - Just Hanger<\/title>\n<meta name=\"robots\" content=\"index, follow, max-snippet:-1, max-image-preview:large, max-video-preview:-1\" \/>\n<link rel=\"canonical\" href=\"https:\/\/justhanger.store\/sl\/katalog\/\" \/>\n<meta property=\"og:locale\" content=\"sl_SI\" \/>\n<meta property=\"og:type\" content=\"article\" \/>\n<meta property=\"og:title\" content=\"Catalogs - Just Hanger\" \/>\n<meta property=\"og:url\" content=\"https:\/\/justhanger.store\/sl\/wp-json\/wp\/v2\/pages\/37074\" \/>\n<meta property=\"og:site_name\" content=\"Just Hanger\" \/>\n<meta property=\"article:modified_time\" content=\"2023-06-23T12:57:41+00:00\" \/>\n<meta name=\"twitter:card\" content=\"summary_large_image\" \/>\n<meta name=\"twitter:label1\" content=\"Est. reading time\" \/>\n\t<meta name=\"twitter:data1\" content=\"6 minut\" \/>\n<script type=\"application\/ld+json\" class=\"yoast-schema-graph\">{\"@context\":\"https:\\\/\\\/schema.org\",\"@graph\":[{\"@type\":\"WebPage\",\"@id\":\"https:\\\/\\\/justhanger.store\\\/catalogs\\\/\",\"url\":\"https:\\\/\\\/justhanger.store\\\/catalogs\\\/\",\"name\":\"Catalogs - Just Hanger\",\"isPartOf\":{\"@id\":\"https:\\\/\\\/justhanger.store\\\/#website\"},\"datePublished\":\"2023-06-08T13:47:39+00:00\",\"dateModified\":\"2023-06-23T12:57:41+00:00\",\"breadcrumb\":{\"@id\":\"https:\\\/\\\/justhanger.store\\\/catalogs\\\/#breadcrumb\"},\"inLanguage\":\"sl-SI\",\"potentialAction\":[{\"@type\":\"ReadAction\",\"target\":[\"https:\\\/\\\/justhanger.store\\\/catalogs\\\/\"]}]},{\"@type\":\"BreadcrumbList\",\"@id\":\"https:\\\/\\\/justhanger.store\\\/catalogs\\\/#breadcrumb\",\"itemListElement\":[{\"@type\":\"ListItem\",\"position\":1,\"name\":\"Home\",\"item\":\"https:\\\/\\\/justhanger.store\\\/\"},{\"@type\":\"ListItem\",\"position\":2,\"name\":\"Catalogs\"}]},{\"@type\":\"WebSite\",\"@id\":\"https:\\\/\\\/justhanger.store\\\/#website\",\"url\":\"https:\\\/\\\/justhanger.store\\\/\",\"name\":\"Just Hanger\",\"description\":\"Just another WordPress site\",\"potentialAction\":[{\"@type\":\"SearchAction\",\"target\":{\"@type\":\"EntryPoint\",\"urlTemplate\":\"https:\\\/\\\/justhanger.store\\\/?s={search_term_string}\"},\"query-input\":{\"@type\":\"PropertyValueSpecification\",\"valueRequired\":true,\"valueName\":\"search_term_string\"}}],\"inLanguage\":\"sl-SI\"}]}<\/script>\n<!-- \/ Yoast SEO plugin. -->","yoast_head_json":{"title":"Katalog - Just Hanger","robots":{"index":"index","follow":"follow","max-snippet":"max-snippet:-1","max-image-preview":"max-image-preview:large","max-video-preview":"max-video-preview:-1"},"canonical":"https:\/\/justhanger.store\/sl\/katalog\/","og_locale":"sl_SI","og_type":"article","og_title":"Catalogs - Just Hanger","og_url":"https:\/\/justhanger.store\/sl\/wp-json\/wp\/v2\/pages\/37074","og_site_name":"Just Hanger","article_modified_time":"2023-06-23T12:57:41+00:00","twitter_card":"summary_large_image","twitter_misc":{"Est. reading time":"6 minut"},"schema":{"@context":"https:\/\/schema.org","@graph":[{"@type":"WebPage","@id":"https:\/\/justhanger.store\/catalogs\/","url":"https:\/\/justhanger.store\/catalogs\/","name":"Katalog - Just Hanger","isPartOf":{"@id":"https:\/\/justhanger.store\/#website"},"datePublished":"2023-06-08T13:47:39+00:00","dateModified":"2023-06-23T12:57:41+00:00","breadcrumb":{"@id":"https:\/\/justhanger.store\/catalogs\/#breadcrumb"},"inLanguage":"sl-SI","potentialAction":[{"@type":"ReadAction","target":["https:\/\/justhanger.store\/catalogs\/"]}]},{"@type":"BreadcrumbList","@id":"https:\/\/justhanger.store\/catalogs\/#breadcrumb","itemListElement":[{"@type":"ListItem","position":1,"name":"Home","item":"https:\/\/justhanger.store\/"},{"@type":"ListItem","position":2,"name":"Catalogs"}]},{"@type":"WebSite","@id":"https:\/\/justhanger.store\/#website","url":"https:\/\/justhanger.store\/","name":"Just Hanger","description":"Just another WordPress site","potentialAction":[{"@type":"SearchAction","target":{"@type":"EntryPoint","urlTemplate":"https:\/\/justhanger.store\/?s={search_term_string}"},"query-input":{"@type":"PropertyValueSpecification","valueRequired":true,"valueName":"search_term_string"}}],"inLanguage":"sl-SI"}]}},"_links":{"self":[{"href":"https:\/\/justhanger.store\/sl\/wp-json\/wp\/v2\/pages\/37074","targetHints":{"allow":["GET"]}}],"collection":[{"href":"https:\/\/justhanger.store\/sl\/wp-json\/wp\/v2\/pages"}],"about":[{"href":"https:\/\/justhanger.store\/sl\/wp-json\/wp\/v2\/types\/page"}],"author":[{"embeddable":true,"href":"https:\/\/justhanger.store\/sl\/wp-json\/wp\/v2\/users\/1"}],"replies":[{"embeddable":true,"href":"https:\/\/justhanger.store\/sl\/wp-json\/wp\/v2\/comments?post=37074"}],"version-history":[{"count":0,"href":"https:\/\/justhanger.store\/sl\/wp-json\/wp\/v2\/pages\/37074\/revisions"}],"wp:attachment":[{"href":"https:\/\/justhanger.store\/sl\/wp-json\/wp\/v2\/media?parent=37074"}],"curies":[{"name":"wp","href":"https:\/\/api.w.org\/{rel}","templated":true}]}}