{"id":37554,"date":"2023-06-20T09:21:40","date_gmt":"2023-06-20T09:21:40","guid":{"rendered":"https:\/\/justhanger.store\/?page_id=37554"},"modified":"2023-11-07T12:46:59","modified_gmt":"2023-11-07T12:46:59","slug":"corporate-social-responsibility","status":"publish","type":"page","link":"https:\/\/justhanger.store\/sl\/druzbeno-odgovorno-podjetje\/","title":{"rendered":"Dru\u017ebeno odgovorno podjetje"},"content":{"rendered":"<p>[et_pb_section fb_built=&#8221;1&#8243; custom_padding_last_edited=&#8221;on|phone&#8221; _builder_version=&#8221;4.21.0&#8243; _module_preset=&#8221;default&#8221; background_color=&#8221;rgba(0,0,0,0.6)&#8221; background_image=&#8221;https:\/\/justhanger.store\/wp-content\/uploads\/2023\/06\/JustHanger_Working_With_Nature_Wooden_Hanger2-scaled.jpg&#8221; background_blend=&#8221;overlay&#8221; custom_padding=&#8221;100px||100px||true|false&#8221; custom_padding_tablet=&#8221;60px||60px||true|false&#8221; custom_padding_phone=&#8221;30px||30px||true|false&#8221; locked=&#8221;off&#8221; global_colors_info=&#8221;{}&#8221;][et_pb_row _builder_version=&#8221;4.21.0&#8243; _module_preset=&#8221;default&#8221; custom_margin=&#8221;0px||0px||true|false&#8221; custom_padding=&#8221;0px||0px||true|false&#8221; global_colors_info=&#8221;{}&#8221;][et_pb_column type=&#8221;4_4&#8243; _builder_version=&#8221;4.21.0&#8243; _module_preset=&#8221;default&#8221; global_colors_info=&#8221;{}&#8221;][et_pb_text _builder_version=&#8221;4.21.0&#8243; _module_preset=&#8221;default&#8221; header_2_font=&#8221;Avenir|700|||||||&#8221; header_2_text_align=&#8221;center&#8221; header_2_text_color=&#8221;#FFFFFF&#8221; header_2_font_size=&#8221;60px&#8221; header_2_line_height=&#8221;1.2em&#8221; custom_margin=&#8221;||||false|false&#8221; custom_margin_tablet=&#8221;||||false|false&#8221; custom_margin_phone=&#8221;||||false|false&#8221; custom_margin_last_edited=&#8221;on|phone&#8221; header_2_font_size_tablet=&#8221;48px&#8221; header_2_font_size_phone=&#8221;36px&#8221; header_2_font_size_last_edited=&#8221;on|phone&#8221; global_colors_info=&#8221;{}&#8221;]<\/p>\n<h2>Dru\u017ebeno odgovorno podjetje<\/h2>\n<p>[\/et_pb_text][\/et_pb_column][\/et_pb_row][\/et_pb_section][et_pb_section fb_built=&#8221;1&#8243; custom_padding_last_edited=&#8221;on|phone&#8221; _builder_version=&#8221;4.21.0&#8243; _module_preset=&#8221;default&#8221; custom_margin=&#8221;0px||0px||true|false&#8221; custom_padding=&#8221;100px||100px||true|false&#8221; custom_padding_tablet=&#8221;60px||60px||true|false&#8221; custom_padding_phone=&#8221;40px||40px||true|false&#8221; locked=&#8221;off&#8221; global_colors_info=&#8221;{}&#8221;][et_pb_row column_structure=&#8221;1_2,1_2&#8243; custom_padding_last_edited=&#8221;on|phone&#8221; _builder_version=&#8221;4.21.0&#8243; _module_preset=&#8221;d4af3cf8-6123-49bc-80bf-2f37218d8745&#8243; custom_padding=&#8221;60px||0px||false|false&#8221; custom_padding_tablet=&#8221;30px||||false|false&#8221; custom_padding_phone=&#8221;30px||0px||false|false&#8221; locked=&#8221;off&#8221; global_colors_info=&#8221;{}&#8221;][et_pb_column type=&#8221;1_2&#8243; _builder_version=&#8221;4.21.0&#8243; _module_preset=&#8221;default&#8221; global_colors_info=&#8221;{}&#8221;][et_pb_text _builder_version=&#8221;4.21.0&#8243; _module_preset=&#8221;default&#8221; text_font=&#8221;|||on|||||&#8221; text_text_color=&#8221;gcid-3521cbe6-e270-45ce-9d08-944cc82c2693&#8243; text_font_size=&#8221;16px&#8221; text_letter_spacing=&#8221;1px&#8221; text_line_height=&#8221;1.2em&#8221; custom_margin=&#8221;0px||10px||false|false&#8221; custom_padding=&#8221;0px||0px||true|false&#8221; text_font_size_tablet=&#8221;16px&#8221; text_font_size_phone=&#8221;16px&#8221; text_font_size_last_edited=&#8221;on|desktop&#8221; global_colors_info=&#8221;{%22gcid-3521cbe6-e270-45ce-9d08-944cc82c2693%22:%91%22text_text_color%22%93}&#8221;]<\/p>\n<p>[ O KAKOVOSTI ]<\/p>\n<p>[\/et_pb_text][et_pb_text _builder_version=&#8221;4.21.0&#8243; _module_preset=&#8221;default&#8221; header_2_font=&#8221;Avenir|500|||||||&#8221; header_2_text_color=&#8221;#000000&#8243; header_2_font_size=&#8221;48px&#8221; header_2_line_height=&#8221;1.2em&#8221; custom_margin=&#8221;0px||10px||false|false&#8221; custom_padding=&#8221;0px||0px||true|false&#8221; header_2_font_size_tablet=&#8221;40px&#8221; header_2_font_size_phone=&#8221;32px&#8221; header_2_font_size_last_edited=&#8221;on|tablet&#8221; global_colors_info=&#8221;{}&#8221;]<\/p>\n<h2>V podjetju Just Hanger smo izjemno ponosni na vrhunsko kakovost na\u0161ih lesenih obe\u0161alnikov.<\/h2>\n<p>[\/et_pb_text][et_pb_divider color=&#8221;gcid-917dfe58-1603-4c10-b82b-02688615c956&#8243; divider_style=&#8221;dashed&#8221; _builder_version=&#8221;4.21.0&#8243; _module_preset=&#8221;default&#8221; width=&#8221;100px&#8221; custom_margin=&#8221;0px||0px||true|false&#8221; custom_padding=&#8221;0px||0px||true|false&#8221; global_colors_info=&#8221;{%22gcid-917dfe58-1603-4c10-b82b-02688615c956%22:%91%22color%22%93}&#8221;][\/et_pb_divider][et_pb_text _builder_version=&#8221;4.21.0&#8243; _module_preset=&#8221;default&#8221; text_font=&#8221;Montserrat||||||||&#8221; text_text_color=&#8221;gcid-3521cbe6-e270-45ce-9d08-944cc82c2693&#8243; text_font_size=&#8221;16px&#8221; text_font_size_tablet=&#8221;15px&#8221; text_font_size_phone=&#8221;14px&#8221; text_font_size_last_edited=&#8221;on|phone&#8221; global_colors_info=&#8221;{%22gcid-3521cbe6-e270-45ce-9d08-944cc82c2693%22:%91%22text_text_color%22%93}&#8221;]<\/p>\n<p>Ko izberete na\u0161e lesene obe\u0161alnike, izberete ve\u010d kot le re\u0161itev za shranjevanje. Vlagate v izdelek, ki pooseblja izjemno kakovost, skrbno izdelavo in zavezanost trajnosti. Na\u0161i leseni obe\u0161alniki ne bodo le izbolj\u0161ali organiziranosti in elegance va\u0161e omare, temve\u010d bodo tudi dokaz, da cenite vrhunsko izdelavo in brez\u010dasno lepoto.<\/p>\n<p>Pri podjetju Just Hanger so na\u0161i leseni obe\u0161alniki vrhunska kakovost. Skrbno izdelani iz skrbno izbranega evropskega lesa zagotavljajo trajnost, trdnost in estetsko privla\u010dnost. Vsak obe\u0161alnik je izdelan ro\u010dno in izpolnjuje na\u0161e stroge standarde kakovosti. Izbira na\u0161ih obe\u0161alnikov pomeni nalo\u017ebo v izjemno kakovost izdelave in trajnost, ki bo va\u0161o omaro obogatila z eleganco in organizacijo.<\/p>\n<p>[\/et_pb_text][et_pb_button button_url=&#8221;@ET-DC@eyJkeW5hbWljIjp0cnVlLCJjb250ZW50IjoicG9zdF9saW5rX3VybF9wYWdlIiwic2V0dGluZ3MiOnsicG9zdF9pZCI6IjUifX0=@&#8221; button_text=&#8221;View Products&#8221; button_alignment=&#8221;left&#8221; button_alignment_tablet=&#8221;left&#8221; button_alignment_phone=&#8221;left&#8221; button_alignment_last_edited=&#8221;on|phone&#8221; module_class=&#8221;cs-primary-btn light&#8221; _builder_version=&#8221;4.21.0&#8243; _dynamic_attributes=&#8221;button_url&#8221; _module_preset=&#8221;default&#8221; custom_button=&#8221;on&#8221; button_text_size=&#8221;16px&#8221; button_text_color=&#8221;#FFFFFF&#8221; button_bg_color=&#8221;gcid-d2aad3ce-a5f0-434e-9d09-b8275fd0a07a&#8221; button_border_width=&#8221;0px&#8221; button_border_color=&#8221;RGBA(255,255,255,0)&#8221; button_border_radius=&#8221;0px&#8221; button_font=&#8221;||||||||&#8221; button_icon=&#8221;&#x24;||divi||400&#8243; button_icon_color=&#8221;#FFFFFF&#8221; custom_margin=&#8221;||||false|false&#8221; custom_padding=&#8221;12px|32px|12px|32px|true|true&#8221; global_colors_info=&#8221;{%22gcid-d2aad3ce-a5f0-434e-9d09-b8275fd0a07a%22:%91%22button_bg_color%22%93}&#8221; button_border_width__hover_enabled=&#8221;off|desktop&#8221;][\/et_pb_button][\/et_pb_column][et_pb_column type=&#8221;1_2&#8243; _builder_version=&#8221;4.21.0&#8243; _module_preset=&#8221;default&#8221; global_colors_info=&#8221;{}&#8221;][et_pb_image src=&#8221;https:\/\/justhanger.store\/wp-content\/uploads\/2023\/06\/JustHanger_Done_With_Passion_Wooden_Hanger-scaled.jpg&#8221; title_text=&#8221;JustHanger_Done_With_Passion_Wooden_Hanger&#8221; _builder_version=&#8221;4.21.0&#8243; _module_preset=&#8221;default&#8221; global_colors_info=&#8221;{}&#8221;][\/et_pb_image][et_pb_image src=&#8221;https:\/\/justhanger.store\/wp-content\/uploads\/2023\/06\/JustHanger_Our_Best_Selection_Wood-scaled.jpg&#8221; title_text=&#8221;JustHanger_Our_Best_Selection_Wood&#8221; _builder_version=&#8221;4.21.0&#8243; _module_preset=&#8221;default&#8221; positioning=&#8221;absolute&#8221; position_origin_a=&#8221;top_right&#8221; vertical_offset=&#8221;-50px&#8221; horizontal_offset=&#8221;-50px&#8221; vertical_offset_tablet=&#8221;-40px&#8221; vertical_offset_phone=&#8221;-20px&#8221; vertical_offset_last_edited=&#8221;on|tablet&#8221; horizontal_offset_tablet=&#8221;-40px&#8221; horizontal_offset_phone=&#8221;-20px&#8221; horizontal_offset_last_edited=&#8221;on|tablet&#8221; width=&#8221;50%&#8221; width_tablet=&#8221;45%&#8221; width_phone=&#8221;40%&#8221; width_last_edited=&#8221;on|phone&#8221; global_colors_info=&#8221;{}&#8221;][\/et_pb_image][\/et_pb_column][\/et_pb_row][\/et_pb_section][et_pb_section fb_built=&#8221;1&#8243; custom_padding_last_edited=&#8221;on|phone&#8221; _builder_version=&#8221;4.21.0&#8243; _module_preset=&#8221;default&#8221; background_color=&#8221;rgba(0,0,0,0.8)&#8221; background_image=&#8221;https:\/\/justhanger.store\/wp-content\/uploads\/2023\/10\/Just_hanger-221-scaled.jpg&#8221; background_blend=&#8221;overlay&#8221; custom_margin=&#8221;0px||0px||true|false&#8221; custom_padding=&#8221;100px||100px||true|false&#8221; custom_padding_tablet=&#8221;60px||60px||true|false&#8221; custom_padding_phone=&#8221;40px||40px||true|false&#8221; hover_enabled=&#8221;0&#8243; custom_css_main_element=&#8221;background-image: repeating-linear-gradient(225deg, hsla(207,0%,63%,0.05) 0px, hsla(207,0%,63%,0.05) 1px,transparent 1px, transparent 11px,hsla(207,0%,63%,0.05) 11px, hsla(207,0%,63%,0.05) 12px,transparent 12px, transparent 32px),repeating-linear-gradient(180deg, hsla(207,0%,63%,0.05) 0px, hsla(207,0%,63%,0.05) 1px,transparent 1px, transparent 11px,hsla(207,0%,63%,0.05) 11px, hsla(207,0%,63%,0.05) 12px,transparent 12px, transparent 32px),repeating-linear-gradient(315deg, hsla(207,0%,63%,0.05) 0px, hsla(207,0%,63%,0.05) 1px,transparent 1px, transparent 11px,hsla(207,0%,63%,0.05) 11px, hsla(207,0%,63%,0.05) 12px,transparent 12px, transparent 32px),repeating-linear-gradient(270deg, hsla(207,0%,63%,0.05) 0px, hsla(207,0%,63%,0.05) 1px,transparent 1px, transparent 11px,hsla(207,0%,63%,0.05) 11px, hsla(207,0%,63%,0.05) 12px,transparent 12px, transparent 32px),linear-gradient(270deg, rgb(17, 17, 17),rgb(66, 66, 66));&#8221; locked=&#8221;off&#8221; global_colors_info=&#8221;{}&#8221; title_text=&#8221;Just_hanger-221&#8243; background_position=&#8221;top_center&#8221; background_vertical_offset=&#8221;15%&#8221; sticky_enabled=&#8221;0&#8243;][et_pb_row column_structure=&#8221;2_3,1_3&#8243; _builder_version=&#8221;4.21.0&#8243; _module_preset=&#8221;d4af3cf8-6123-49bc-80bf-2f37218d8745&#8243; width=&#8221;90%&#8221; max_width=&#8221;1440px&#8221; global_colors_info=&#8221;{}&#8221;][et_pb_column type=&#8221;2_3&#8243; _builder_version=&#8221;4.21.0&#8243; _module_preset=&#8221;default&#8221; global_colors_info=&#8221;{}&#8221;][et_pb_text _builder_version=&#8221;4.21.0&#8243; _module_preset=&#8221;default&#8221; header_3_font=&#8221;Avenir|700|||||||&#8221; header_3_text_color=&#8221;#FFFFFF&#8221; header_3_font_size=&#8221;26px&#8221; header_3_line_height=&#8221;1.2em&#8221; custom_margin=&#8221;0px||10px||false|false&#8221; custom_padding=&#8221;0px||0px||true|false&#8221; header_3_text_align_tablet=&#8221;center&#8221; header_3_text_align_phone=&#8221;center&#8221; header_3_text_align_last_edited=&#8221;on|tablet&#8221; header_3_font_size_tablet=&#8221;24px&#8221; header_3_font_size_phone=&#8221;22px&#8221; header_3_font_size_last_edited=&#8221;on|phone&#8221; global_colors_info=&#8221;{}&#8221; header_3_line_height__hover_enabled=&#8221;off|hover&#8221;]<\/p>\n<h3>\u010cas je, da si izdelate svoj obe\u0161alnik<\/h3>\n<p>[\/et_pb_text][et_pb_text _builder_version=&#8221;4.21.0&#8243; _module_preset=&#8221;default&#8221; text_font=&#8221;||||||||&#8221; text_text_color=&#8221;gcid-8d967a9e-8d44-4842-8814-b57c8b2f8e66&#8243; text_font_size=&#8221;20px&#8221; text_line_height=&#8221;1.4em&#8221; custom_margin=&#8221;0px||0px||true|false&#8221; custom_padding=&#8221;0px||0px||true|false&#8221; text_font_size_tablet=&#8221;18px&#8221; text_font_size_phone=&#8221;16px&#8221; text_font_size_last_edited=&#8221;on|tablet&#8221; text_orientation_tablet=&#8221;center&#8221; text_orientation_phone=&#8221;center&#8221; text_orientation_last_edited=&#8221;on|phone&#8221; global_colors_info=&#8221;{%22gcid-8d967a9e-8d44-4842-8814-b57c8b2f8e66%22:%91%22text_text_color%22%93}&#8221;]<\/p>\n<p>Izberite svoj slog in ustvarite svoj leseni obe\u0161alnik. Ustvarite svojo blagovno znamko z na\u0161imi osebnostno prilagojenimi lesenimi obe\u0161alniki.<\/p>\n<p>[\/et_pb_text][\/et_pb_column][et_pb_column type=&#8221;1_3&#8243; _builder_version=&#8221;4.21.0&#8243; _module_preset=&#8221;default&#8221; global_colors_info=&#8221;{}&#8221;][et_pb_button button_url=&#8221;@ET-DC@eyJkeW5hbWljIjp0cnVlLCJjb250ZW50IjoicG9zdF9saW5rX3VybF9wYWdlIiwic2V0dGluZ3MiOnsicG9zdF9pZCI6IjM1MTMwIn19@&#8221; button_text=&#8221;Click and send us a message!&#8221; button_alignment_tablet=&#8221;center&#8221; button_alignment_phone=&#8221;center&#8221; button_alignment_last_edited=&#8221;on|tablet&#8221; _builder_version=&#8221;4.21.0&#8243; _dynamic_attributes=&#8221;button_url&#8221; _module_preset=&#8221;31c13fc4-6e39-4733-bac7-3b3f069ae1e1&#8243; button_text_color=&#8221;gcid-d2aad3ce-a5f0-434e-9d09-b8275fd0a07a&#8221; button_bg_color=&#8221;gcid-7b12ab5e-2b8f-4582-b105-8ed016a16681&#8243; global_colors_info=&#8221;{%22gcid-d2aad3ce-a5f0-434e-9d09-b8275fd0a07a%22:%91%22button_text_color%22%93,%22gcid-7b12ab5e-2b8f-4582-b105-8ed016a16681%22:%91%22button_bg_color%22%93}&#8221;][\/et_pb_button][\/et_pb_column][\/et_pb_row][\/et_pb_section][et_pb_section fb_built=&#8221;1&#8243; custom_padding_last_edited=&#8221;on|phone&#8221; _builder_version=&#8221;4.21.0&#8243; _module_preset=&#8221;default&#8221; custom_margin=&#8221;0px||0px||true|false&#8221; custom_padding=&#8221;100px||100px||true|false&#8221; custom_padding_tablet=&#8221;60px||60px||true|false&#8221; custom_padding_phone=&#8221;40px||40px||true|false&#8221; locked=&#8221;off&#8221; global_colors_info=&#8221;{}&#8221;][et_pb_row column_structure=&#8221;1_2,1_2&#8243; custom_padding_last_edited=&#8221;on|phone&#8221; _builder_version=&#8221;4.21.0&#8243; _module_preset=&#8221;d4af3cf8-6123-49bc-80bf-2f37218d8745&#8243; custom_padding=&#8221;60px||0px||false|false&#8221; custom_padding_tablet=&#8221;30px||||false|false&#8221; custom_padding_phone=&#8221;30px||0px||false|false&#8221; locked=&#8221;off&#8221; global_colors_info=&#8221;{}&#8221;][et_pb_column type=&#8221;1_2&#8243; _builder_version=&#8221;4.21.0&#8243; _module_preset=&#8221;default&#8221; global_colors_info=&#8221;{}&#8221;][et_pb_image src=&#8221;https:\/\/justhanger.store\/wp-content\/uploads\/2023\/06\/JustHanger_Made_Specialy_For_You_Hand_Made-scaled.jpg&#8221; title_text=&#8221;JustHanger_Made_Specialy_For_You_Hand_Made&#8221; _builder_version=&#8221;4.21.0&#8243; _module_preset=&#8221;default&#8221; global_colors_info=&#8221;{}&#8221;][\/et_pb_image][et_pb_image src=&#8221;https:\/\/justhanger.store\/wp-content\/uploads\/2023\/06\/JustHanger_Made_With__Hands.jpg&#8221; title_text=&#8221;JustHanger_Made_With__Hands&#8221; _builder_version=&#8221;4.21.0&#8243; _module_preset=&#8221;default&#8221; positioning=&#8221;absolute&#8221; vertical_offset=&#8221;-50px&#8221; horizontal_offset=&#8221;-50px&#8221; vertical_offset_tablet=&#8221;-40px&#8221; vertical_offset_phone=&#8221;-20px&#8221; vertical_offset_last_edited=&#8221;on|tablet&#8221; horizontal_offset_tablet=&#8221;-40px&#8221; horizontal_offset_phone=&#8221;-20px&#8221; horizontal_offset_last_edited=&#8221;on|tablet&#8221; width=&#8221;50%&#8221; width_tablet=&#8221;45%&#8221; width_phone=&#8221;40%&#8221; width_last_edited=&#8221;on|phone&#8221; global_colors_info=&#8221;{}&#8221;][\/et_pb_image][\/et_pb_column][et_pb_column type=&#8221;1_2&#8243; _builder_version=&#8221;4.21.0&#8243; _module_preset=&#8221;default&#8221; global_colors_info=&#8221;{}&#8221;][et_pb_text _builder_version=&#8221;4.21.0&#8243; _module_preset=&#8221;default&#8221; text_font=&#8221;|||on|||||&#8221; text_text_color=&#8221;gcid-3521cbe6-e270-45ce-9d08-944cc82c2693&#8243; text_font_size=&#8221;16px&#8221; text_letter_spacing=&#8221;1px&#8221; text_line_height=&#8221;1.2em&#8221; custom_margin=&#8221;0px||10px||false|false&#8221; custom_padding=&#8221;0px||0px||true|false&#8221; text_font_size_tablet=&#8221;16px&#8221; text_font_size_phone=&#8221;16px&#8221; text_font_size_last_edited=&#8221;on|desktop&#8221; global_colors_info=&#8221;{%22gcid-3521cbe6-e270-45ce-9d08-944cc82c2693%22:%91%22text_text_color%22%93}&#8221;]<\/p>\n<p>[ O TRAJNOSTI ]<\/p>\n<p>[\/et_pb_text][et_pb_text _builder_version=&#8221;4.21.0&#8243; _module_preset=&#8221;default&#8221; header_2_font=&#8221;Avenir|500|||||||&#8221; header_2_text_color=&#8221;#000000&#8243; header_2_font_size=&#8221;48px&#8221; header_2_line_height=&#8221;1.2em&#8221; custom_margin=&#8221;0px||10px||false|false&#8221; custom_padding=&#8221;0px||0px||true|false&#8221; header_2_font_size_tablet=&#8221;40px&#8221; header_2_font_size_phone=&#8221;32px&#8221; header_2_font_size_last_edited=&#8221;on|tablet&#8221; global_colors_info=&#8221;{}&#8221;]<\/p>\n<h2>Verjamemo, da gresta slog in trajnost lahko z roko v roki, in na\u0161i leseni obe\u0161alniki so zgled te filozofije.<\/h2>\n<p>[\/et_pb_text][et_pb_divider color=&#8221;gcid-917dfe58-1603-4c10-b82b-02688615c956&#8243; divider_style=&#8221;dashed&#8221; _builder_version=&#8221;4.21.0&#8243; _module_preset=&#8221;default&#8221; width=&#8221;100px&#8221; custom_margin=&#8221;0px||0px||true|false&#8221; custom_padding=&#8221;0px||0px||true|false&#8221; global_colors_info=&#8221;{%22gcid-917dfe58-1603-4c10-b82b-02688615c956%22:%91%22color%22%93}&#8221;][\/et_pb_divider][et_pb_text _builder_version=&#8221;4.21.0&#8243; _module_preset=&#8221;default&#8221; text_font=&#8221;Montserrat||||||||&#8221; text_text_color=&#8221;gcid-3521cbe6-e270-45ce-9d08-944cc82c2693&#8243; text_font_size=&#8221;16px&#8221; text_font_size_tablet=&#8221;15px&#8221; text_font_size_phone=&#8221;14px&#8221; text_font_size_last_edited=&#8221;on|phone&#8221; global_colors_info=&#8221;{%22gcid-3521cbe6-e270-45ce-9d08-944cc82c2693%22:%91%22text_text_color%22%93}&#8221;]<\/p>\n<p>Pri podjetju Just Hanger se stil z na\u0161imi okolju prijaznimi lesenimi obe\u0161alniki zdru\u017euje s trajnostjo. Na\u0161i obe\u0161alniki so izdelani iz odgovorno pridobljenega evropskega lesa, zato je njihov vpliv na okolje \u010dim manj\u0161i. U\u010dinkovite proizvodne tehnike in okolju prijazni zaklju\u010dki zagotavljajo minimalno koli\u010dino odpadkov in ekolo\u0161kega odtisa. Organizirajte svojo garderobo na okolju prijazen in eleganten na\u010din, hkrati pa dodajte naravni toplini in eleganci svojo omaro.<\/p>\n<p>[\/et_pb_text][et_pb_button button_url=&#8221;@ET-DC@eyJkeW5hbWljIjp0cnVlLCJjb250ZW50IjoicG9zdF9saW5rX3VybF9wYWdlIiwic2V0dGluZ3MiOnsicG9zdF9pZCI6IjUifX0=@&#8221; button_text=&#8221;View Products&#8221; button_alignment=&#8221;left&#8221; button_alignment_tablet=&#8221;left&#8221; button_alignment_phone=&#8221;left&#8221; button_alignment_last_edited=&#8221;on|phone&#8221; module_class=&#8221;cs-primary-btn light&#8221; _builder_version=&#8221;4.21.0&#8243; _dynamic_attributes=&#8221;button_url&#8221; _module_preset=&#8221;default&#8221; custom_button=&#8221;on&#8221; button_text_size=&#8221;16px&#8221; button_text_color=&#8221;#FFFFFF&#8221; button_bg_color=&#8221;gcid-d2aad3ce-a5f0-434e-9d09-b8275fd0a07a&#8221; button_border_width=&#8221;0px&#8221; button_border_color=&#8221;RGBA(255,255,255,0)&#8221; button_border_radius=&#8221;0px&#8221; button_font=&#8221;||||||||&#8221; button_icon=&#8221;&#x24;||divi||400&#8243; button_icon_color=&#8221;#FFFFFF&#8221; custom_margin=&#8221;||||false|false&#8221; custom_padding=&#8221;12px|32px|12px|32px|true|true&#8221; global_colors_info=&#8221;{%22gcid-d2aad3ce-a5f0-434e-9d09-b8275fd0a07a%22:%91%22button_bg_color%22%93,%22gcid-8d967a9e-8d44-4842-8814-b57c8b2f8e66%22:%91%22button_bg_color%22%93}&#8221; button_border_width__hover_enabled=&#8221;off|desktop&#8221;][\/et_pb_button][\/et_pb_column][\/et_pb_row][\/et_pb_section]<\/p>","protected":false},"excerpt":{"rendered":"<p>Corporate social responsibility[ ABOUT QUALITY ]At Just Hanger, we take immense pride in the superior quality of our wooden hangers.When you choose our wooden hangers, you are choosing more than just a storage solution. You are investing in a product that embodies exceptional quality, meticulous craftsmanship, and a commitment to sustainability. Our wooden hangers will [&hellip;]<\/p>","protected":false},"author":1,"featured_media":0,"parent":0,"menu_order":0,"comment_status":"closed","ping_status":"closed","template":"","meta":{"_acf_changed":false,"_et_pb_use_builder":"on","_et_pb_old_content":"<!-- wp:divi\/placeholder \/-->","_et_gb_content_width":"","_monsterinsights_skip_tracking":false,"_monsterinsights_sitenote_active":false,"_monsterinsights_sitenote_note":"","_monsterinsights_sitenote_category":0,"footnotes":""},"class_list":["post-37554","page","type-page","status-publish","hentry"],"acf":[],"yoast_head":"<!-- This site is optimized with the Yoast SEO plugin v26.1.1 - https:\/\/yoast.com\/wordpress\/plugins\/seo\/ -->\n<title>Corporate social responsibility - Just Hanger<\/title>\n<meta name=\"robots\" content=\"index, follow, max-snippet:-1, max-image-preview:large, max-video-preview:-1\" \/>\n<link rel=\"canonical\" href=\"https:\/\/justhanger.store\/sl\/druzbeno-odgovorno-podjetje\/\" \/>\n<meta property=\"og:locale\" content=\"sl_SI\" \/>\n<meta property=\"og:type\" content=\"article\" \/>\n<meta property=\"og:title\" content=\"Corporate social responsibility - Just Hanger\" \/>\n<meta property=\"og:url\" content=\"https:\/\/justhanger.store\/sl\/wp-json\/wp\/v2\/pages\/37554\" \/>\n<meta property=\"og:site_name\" content=\"Just Hanger\" \/>\n<meta property=\"article:modified_time\" content=\"2023-11-07T12:46:59+00:00\" \/>\n<meta name=\"twitter:card\" content=\"summary_large_image\" \/>\n<meta name=\"twitter:label1\" content=\"Est. reading time\" \/>\n\t<meta name=\"twitter:data1\" content=\"11 minut\" \/>\n<script type=\"application\/ld+json\" class=\"yoast-schema-graph\">{\"@context\":\"https:\/\/schema.org\",\"@graph\":[{\"@type\":\"WebPage\",\"@id\":\"https:\/\/justhanger.store\/corporate-social-responsibility\/\",\"url\":\"https:\/\/justhanger.store\/corporate-social-responsibility\/\",\"name\":\"Corporate social responsibility - Just Hanger\",\"isPartOf\":{\"@id\":\"https:\/\/justhanger.store\/#website\"},\"datePublished\":\"2023-06-20T09:21:40+00:00\",\"dateModified\":\"2023-11-07T12:46:59+00:00\",\"breadcrumb\":{\"@id\":\"https:\/\/justhanger.store\/corporate-social-responsibility\/#breadcrumb\"},\"inLanguage\":\"sl-SI\",\"potentialAction\":[{\"@type\":\"ReadAction\",\"target\":[\"https:\/\/justhanger.store\/corporate-social-responsibility\/\"]}]},{\"@type\":\"BreadcrumbList\",\"@id\":\"https:\/\/justhanger.store\/corporate-social-responsibility\/#breadcrumb\",\"itemListElement\":[{\"@type\":\"ListItem\",\"position\":1,\"name\":\"Home\",\"item\":\"https:\/\/justhanger.store\/\"},{\"@type\":\"ListItem\",\"position\":2,\"name\":\"Corporate social responsibility\"}]},{\"@type\":\"WebSite\",\"@id\":\"https:\/\/justhanger.store\/#website\",\"url\":\"https:\/\/justhanger.store\/\",\"name\":\"Just Hanger\",\"description\":\"Just another WordPress site\",\"potentialAction\":[{\"@type\":\"SearchAction\",\"target\":{\"@type\":\"EntryPoint\",\"urlTemplate\":\"https:\/\/justhanger.store\/?s={search_term_string}\"},\"query-input\":{\"@type\":\"PropertyValueSpecification\",\"valueRequired\":true,\"valueName\":\"search_term_string\"}}],\"inLanguage\":\"sl-SI\"}]}<\/script>\n<!-- \/ Yoast SEO plugin. -->","yoast_head_json":{"title":"Dru\u017ebeno odgovorno podjetje - Just Hanger","robots":{"index":"index","follow":"follow","max-snippet":"max-snippet:-1","max-image-preview":"max-image-preview:large","max-video-preview":"max-video-preview:-1"},"canonical":"https:\/\/justhanger.store\/sl\/druzbeno-odgovorno-podjetje\/","og_locale":"sl_SI","og_type":"article","og_title":"Corporate social responsibility - Just Hanger","og_url":"https:\/\/justhanger.store\/sl\/wp-json\/wp\/v2\/pages\/37554","og_site_name":"Just Hanger","article_modified_time":"2023-11-07T12:46:59+00:00","twitter_card":"summary_large_image","twitter_misc":{"Est. reading time":"11 minut"},"schema":{"@context":"https:\/\/schema.org","@graph":[{"@type":"WebPage","@id":"https:\/\/justhanger.store\/corporate-social-responsibility\/","url":"https:\/\/justhanger.store\/corporate-social-responsibility\/","name":"Dru\u017ebeno odgovorno podjetje - Just Hanger","isPartOf":{"@id":"https:\/\/justhanger.store\/#website"},"datePublished":"2023-06-20T09:21:40+00:00","dateModified":"2023-11-07T12:46:59+00:00","breadcrumb":{"@id":"https:\/\/justhanger.store\/corporate-social-responsibility\/#breadcrumb"},"inLanguage":"sl-SI","potentialAction":[{"@type":"ReadAction","target":["https:\/\/justhanger.store\/corporate-social-responsibility\/"]}]},{"@type":"BreadcrumbList","@id":"https:\/\/justhanger.store\/corporate-social-responsibility\/#breadcrumb","itemListElement":[{"@type":"ListItem","position":1,"name":"Home","item":"https:\/\/justhanger.store\/"},{"@type":"ListItem","position":2,"name":"Corporate social responsibility"}]},{"@type":"WebSite","@id":"https:\/\/justhanger.store\/#website","url":"https:\/\/justhanger.store\/","name":"Just Hanger","description":"Just another WordPress site","potentialAction":[{"@type":"SearchAction","target":{"@type":"EntryPoint","urlTemplate":"https:\/\/justhanger.store\/?s={search_term_string}"},"query-input":{"@type":"PropertyValueSpecification","valueRequired":true,"valueName":"search_term_string"}}],"inLanguage":"sl-SI"}]}},"_links":{"self":[{"href":"https:\/\/justhanger.store\/sl\/wp-json\/wp\/v2\/pages\/37554","targetHints":{"allow":["GET"]}}],"collection":[{"href":"https:\/\/justhanger.store\/sl\/wp-json\/wp\/v2\/pages"}],"about":[{"href":"https:\/\/justhanger.store\/sl\/wp-json\/wp\/v2\/types\/page"}],"author":[{"embeddable":true,"href":"https:\/\/justhanger.store\/sl\/wp-json\/wp\/v2\/users\/1"}],"replies":[{"embeddable":true,"href":"https:\/\/justhanger.store\/sl\/wp-json\/wp\/v2\/comments?post=37554"}],"version-history":[{"count":0,"href":"https:\/\/justhanger.store\/sl\/wp-json\/wp\/v2\/pages\/37554\/revisions"}],"wp:attachment":[{"href":"https:\/\/justhanger.store\/sl\/wp-json\/wp\/v2\/media?parent=37554"}],"curies":[{"name":"wp","href":"https:\/\/api.w.org\/{rel}","templated":true}]}}