{"id":38418,"date":"2023-05-04T13:18:17","date_gmt":"2023-05-04T13:18:17","guid":{"rendered":"https:\/\/justhanger.store\/dropshipping\/"},"modified":"2025-10-09T10:50:41","modified_gmt":"2025-10-09T10:50:41","slug":"delivery-and-payment","status":"publish","type":"page","link":"https:\/\/justhanger.store\/sl\/dropshipping\/","title":{"rendered":"Delivery and Payment"},"content":{"rendered":"[et_pb_section fb_built=&#8221;1&#8243; custom_padding_last_edited=&#8221;on|phone&#8221; _builder_version=&#8221;4.21.0&#8243; _module_preset=&#8221;default&#8221; background_color=&#8221;rgba(0,0,0,0.6)&#8221; background_image=&#8221;https:\/\/justhanger.store\/wp-content\/uploads\/2022\/03\/Home-use-collections9.jpg&#8221; background_blend=&#8221;overlay&#8221; custom_margin=&#8221;0px||0px||true|false&#8221; custom_padding=&#8221;100px||100px||true|false&#8221; custom_padding_tablet=&#8221;60px||60px||true|false&#8221; custom_padding_phone=&#8221;40px||40px||true|false&#8221; global_colors_info=&#8221;{}&#8221;][et_pb_row _builder_version=&#8221;4.21.0&#8243; _module_preset=&#8221;default&#8221; custom_margin=&#8221;0px||0px||true|false&#8221; custom_padding=&#8221;0px||0px||true|false&#8221; global_colors_info=&#8221;{}&#8221;][et_pb_column type=&#8221;4_4&#8243; _builder_version=&#8221;4.21.0&#8243; _module_preset=&#8221;default&#8221; global_colors_info=&#8221;{}&#8221;][et_pb_text _builder_version=&#8221;4.21.0&#8243; _module_preset=&#8221;default&#8221; header_2_font=&#8221;Avenir|700|||||||&#8221; header_2_text_align=&#8221;center&#8221; header_2_text_color=&#8221;#FFFFFF&#8221; header_2_font_size=&#8221;60px&#8221; header_2_line_height=&#8221;1.2em&#8221; custom_margin=&#8221;||||false|false&#8221; custom_margin_tablet=&#8221;||||false|false&#8221; custom_margin_phone=&#8221;||||false|false&#8221; custom_margin_last_edited=&#8221;on|phone&#8221; header_2_font_size_tablet=&#8221;48px&#8221; header_2_font_size_phone=&#8221;36px&#8221; header_2_font_size_last_edited=&#8221;on|phone&#8221; global_colors_info=&#8221;{}&#8221;]<h2>Dropshipping<\/h2>[\/et_pb_text][\/et_pb_column][\/et_pb_row][\/et_pb_section][et_pb_section fb_built=&#8221;1&#8243; custom_padding_last_edited=&#8221;on|phone&#8221; _builder_version=&#8221;4.21.0&#8243; _module_preset=&#8221;default&#8221; background_color=&#8221;#FFFFFF&#8221; positioning=&#8221;none&#8221; min_height=&#8221;100vh&#8221; custom_margin=&#8221;0px||0px||true|false&#8221; custom_padding=&#8221;100px||100px||true|false&#8221; custom_padding_tablet=&#8221;60px||60px||true|false&#8221; custom_padding_phone=&#8221;40px||40px||true|false&#8221; hover_enabled=&#8221;0&#8243; custom_css_main_element=&#8221;display: flex;&#8221; global_colors_info=&#8221;{}&#8221; sticky_enabled=&#8221;0&#8243;][et_pb_row custom_padding_last_edited=&#8221;on|phone&#8221; _builder_version=&#8221;4.21.0&#8243; _module_preset=&#8221;default&#8221; custom_margin=&#8221;0px||0px||true|false&#8221; custom_padding=&#8221;0px||0px||true|false&#8221; custom_padding_tablet=&#8221;0px||0px||true|false&#8221; custom_padding_phone=&#8221;0px||0px||true|false&#8221; hover_enabled=&#8221;0&#8243; global_colors_info=&#8221;{}&#8221; sticky_enabled=&#8221;0&#8243;][et_pb_column type=&#8221;4_4&#8243; _builder_version=&#8221;4.21.0&#8243; _module_preset=&#8221;default&#8221; global_colors_info=&#8221;{}&#8221;][et_pb_text _builder_version=&#8221;4.21.0&#8243; _module_preset=&#8221;default&#8221; text_text_color=&#8221;#000000&#8243; text_font_size=&#8221;18px&#8221; text_line_height=&#8221;1.4em&#8221; header_2_font=&#8221;||||||||&#8221; header_2_text_color=&#8221;#333333&#8243; header_2_font_size=&#8221;22px&#8221; header_2_line_height=&#8221;1.2em&#8221; header_3_font=&#8221;|700|||||||&#8221; header_3_text_color=&#8221;#333333&#8243; header_3_line_height=&#8221;1.2em&#8221; header_4_font=&#8221;|600|||||||&#8221; hover_enabled=&#8221;0&#8243; text_font_size_tablet=&#8221;16px&#8221; text_font_size_phone=&#8221;14px&#8221; text_font_size_last_edited=&#8221;on|phone&#8221; header_2_font_size_tablet=&#8221;22px&#8221; header_2_font_size_phone=&#8221;18px&#8221; header_2_font_size_last_edited=&#8221;on|desktop&#8221; header_3_font_size_tablet=&#8221;20px&#8221; header_3_font_size_phone=&#8221;18px&#8221; header_3_font_size_last_edited=&#8221;on|phone&#8221; header_4_font_size_tablet=&#8221;&#8221; header_4_font_size_phone=&#8221;&#8221; header_4_font_size_last_edited=&#8221;on|desktop&#8221; global_colors_info=&#8221;{}&#8221; sticky_enabled=&#8221;0&#8243;]<h3><b>DOBAVNI ROK IN DOBAVA IZDELKOV, NARO\u010cENIH PREK SPLETNE TRGOVINE<\/b><\/h3>\n<h3><\/h3>\n<p><span style=\"font-weight: 400;\">Obdobje dostave za naro\u010dene izdelke na zalogi je od 2 do 5 delovnih dni. Izdelki, ki niso na zalogi, se dostavijo v 10 ali 14 dneh ali v obdobju, ki je bilo medsebojno dogovorjeno med kupcem in ponudnikom. \u010cas dostave za personalizirane izdelke je od 10 do 14 delovnih dni.<\/span><\/p>\n<h3><\/h3>\n<p><span style=\"font-weight: 400;\">Obdobje dostave za blago, pla\u010dano po predra\u010dunu na ban\u010dni ra\u010dun ponudnika, se za\u010dne prvi delovni dan po prejemu kupnine na ban\u010dni ra\u010dun. Obdobje dostave za blago, pla\u010dano ob dostavi, se za\u010dne na dan, ko je naro\u010dilo potrjeno.<\/span><\/p>\n<h3><\/h3>\n<p><span style=\"font-weight: 400;\">Ponudnik naro\u010dene izdelke dostavlja stranki na naslov stranke ali na drug naslov za dostavo, ki ga je navedla stranka, preko GLS ali druge dostavne slu\u017ebe.<\/span><\/p>\n<h3><\/h3>\n<p><span style=\"font-weight: 400;\">Ponudnik si pridr\u017euje pravico, da razdeli naro\u010dilo na ve\u010d po\u0161iljk zaradi razli\u010dnih dobavnih rokov izdelkov, ki so v naro\u010dilu. Stranka bo naro\u010dene izdelke prejela v ve\u010d po\u0161iljkah brez dodatnih stro\u0161kov dostave. Informacije o dostavi so na voljo na e-po\u0161tnem naslovu <\/span><a href=\"http:\/\/info@justhanger.store\/sl\/\"><span style=\"font-weight: 400;\">info@justhanger.store<\/span><\/a><span style=\"font-weight: 400;\">.<\/span><\/p>\n<h3><\/h3>\n<h3><b>STRO\u0160KI DOSTAVE IN DOSTAVA IZDELKOV, NARO\u010cENIH PREKO SPLETNE TRGOVINE<\/b><\/h3>\n<h3><\/h3>\n<p><span style=\"font-weight: 400;\">Ponudnik izvaja dostavo blaga z mo\u017enostjo pla\u010dila ob dostavi preko GLS. Ponudnik zara\u010duna stro\u0161ke dostave v skladu s cenikom storitve ponudnika GLS. Za naro\u010dila, kjer je skupna vrednost blaga ve\u010dja od 500 EUR, je dostava brezpla\u010dna.<\/span><\/p>[\/et_pb_text][\/et_pb_column][\/et_pb_row][\/et_pb_section]","protected":false},"excerpt":{"rendered":"<p>DropshippingDELIVERY PERIOD AND DELIVERY OF PRODUCTS ORDERED VIA ON-LINE STORE Delivery period for ordered products on stock is 2 to 5 business days. Products that are out of stock are delivered within 10 or 14 days or within a period which has been mutually agreed by the customer and the Provider.The delivery time for personalized [&hellip;]<\/p>","protected":false},"author":1,"featured_media":0,"parent":0,"menu_order":0,"comment_status":"closed","ping_status":"closed","template":"","meta":{"_acf_changed":false,"_et_pb_use_builder":"on","_et_pb_old_content":"","_et_gb_content_width":"","_monsterinsights_skip_tracking":false,"_monsterinsights_sitenote_active":false,"_monsterinsights_sitenote_note":"","_monsterinsights_sitenote_category":0,"footnotes":""},"class_list":["post-38418","page","type-page","status-publish","hentry"],"acf":[],"yoast_head":"<!-- This site is optimized with the Yoast SEO plugin v26.1.1 - https:\/\/yoast.com\/wordpress\/plugins\/seo\/ -->\n<title>Delivery and Payment - Just Hanger<\/title>\n<meta name=\"robots\" content=\"index, follow, max-snippet:-1, max-image-preview:large, max-video-preview:-1\" \/>\n<link rel=\"canonical\" href=\"https:\/\/justhanger.store\/sl\/dropshipping\/\" \/>\n<meta property=\"og:locale\" content=\"sl_SI\" \/>\n<meta property=\"og:type\" content=\"article\" \/>\n<meta property=\"og:title\" content=\"Delivery and Payment - Just Hanger\" \/>\n<meta property=\"og:url\" content=\"https:\/\/justhanger.store\/sl\/wp-json\/wp\/v2\/pages\/38418\" \/>\n<meta property=\"og:site_name\" content=\"Just Hanger\" \/>\n<meta property=\"article:modified_time\" content=\"2025-10-09T10:50:41+00:00\" \/>\n<meta name=\"twitter:card\" content=\"summary_large_image\" \/>\n<meta name=\"twitter:label1\" content=\"Est. reading time\" \/>\n\t<meta name=\"twitter:data1\" content=\"3 minute\" \/>\n<script type=\"application\/ld+json\" class=\"yoast-schema-graph\">{\"@context\":\"https:\/\/schema.org\",\"@graph\":[{\"@type\":\"WebPage\",\"@id\":\"https:\/\/justhanger.store\/delivery-and-payment\/\",\"url\":\"https:\/\/justhanger.store\/delivery-and-payment\/\",\"name\":\"Delivery and Payment - Just Hanger\",\"isPartOf\":{\"@id\":\"https:\/\/justhanger.store\/#website\"},\"datePublished\":\"2023-05-04T13:18:17+00:00\",\"dateModified\":\"2025-10-09T10:50:41+00:00\",\"breadcrumb\":{\"@id\":\"https:\/\/justhanger.store\/delivery-and-payment\/#breadcrumb\"},\"inLanguage\":\"sl-SI\",\"potentialAction\":[{\"@type\":\"ReadAction\",\"target\":[\"https:\/\/justhanger.store\/delivery-and-payment\/\"]}]},{\"@type\":\"BreadcrumbList\",\"@id\":\"https:\/\/justhanger.store\/delivery-and-payment\/#breadcrumb\",\"itemListElement\":[{\"@type\":\"ListItem\",\"position\":1,\"name\":\"Home\",\"item\":\"https:\/\/justhanger.store\/\"},{\"@type\":\"ListItem\",\"position\":2,\"name\":\"Delivery and Payment\"}]},{\"@type\":\"WebSite\",\"@id\":\"https:\/\/justhanger.store\/#website\",\"url\":\"https:\/\/justhanger.store\/\",\"name\":\"Just Hanger\",\"description\":\"Just another WordPress site\",\"potentialAction\":[{\"@type\":\"SearchAction\",\"target\":{\"@type\":\"EntryPoint\",\"urlTemplate\":\"https:\/\/justhanger.store\/?s={search_term_string}\"},\"query-input\":{\"@type\":\"PropertyValueSpecification\",\"valueRequired\":true,\"valueName\":\"search_term_string\"}}],\"inLanguage\":\"sl-SI\"}]}<\/script>\n<!-- \/ Yoast SEO plugin. -->","yoast_head_json":{"title":"Delivery and Payment - Just Hanger","robots":{"index":"index","follow":"follow","max-snippet":"max-snippet:-1","max-image-preview":"max-image-preview:large","max-video-preview":"max-video-preview:-1"},"canonical":"https:\/\/justhanger.store\/sl\/dropshipping\/","og_locale":"sl_SI","og_type":"article","og_title":"Delivery and Payment - Just Hanger","og_url":"https:\/\/justhanger.store\/sl\/wp-json\/wp\/v2\/pages\/38418","og_site_name":"Just Hanger","article_modified_time":"2025-10-09T10:50:41+00:00","twitter_card":"summary_large_image","twitter_misc":{"Est. reading time":"3 minute"},"schema":{"@context":"https:\/\/schema.org","@graph":[{"@type":"WebPage","@id":"https:\/\/justhanger.store\/delivery-and-payment\/","url":"https:\/\/justhanger.store\/delivery-and-payment\/","name":"Delivery and Payment - Just Hanger","isPartOf":{"@id":"https:\/\/justhanger.store\/#website"},"datePublished":"2023-05-04T13:18:17+00:00","dateModified":"2025-10-09T10:50:41+00:00","breadcrumb":{"@id":"https:\/\/justhanger.store\/delivery-and-payment\/#breadcrumb"},"inLanguage":"sl-SI","potentialAction":[{"@type":"ReadAction","target":["https:\/\/justhanger.store\/delivery-and-payment\/"]}]},{"@type":"BreadcrumbList","@id":"https:\/\/justhanger.store\/delivery-and-payment\/#breadcrumb","itemListElement":[{"@type":"ListItem","position":1,"name":"Home","item":"https:\/\/justhanger.store\/"},{"@type":"ListItem","position":2,"name":"Delivery and Payment"}]},{"@type":"WebSite","@id":"https:\/\/justhanger.store\/#website","url":"https:\/\/justhanger.store\/","name":"Just Hanger","description":"Just another WordPress site","potentialAction":[{"@type":"SearchAction","target":{"@type":"EntryPoint","urlTemplate":"https:\/\/justhanger.store\/?s={search_term_string}"},"query-input":{"@type":"PropertyValueSpecification","valueRequired":true,"valueName":"search_term_string"}}],"inLanguage":"sl-SI"}]}},"_links":{"self":[{"href":"https:\/\/justhanger.store\/sl\/wp-json\/wp\/v2\/pages\/38418","targetHints":{"allow":["GET"]}}],"collection":[{"href":"https:\/\/justhanger.store\/sl\/wp-json\/wp\/v2\/pages"}],"about":[{"href":"https:\/\/justhanger.store\/sl\/wp-json\/wp\/v2\/types\/page"}],"author":[{"embeddable":true,"href":"https:\/\/justhanger.store\/sl\/wp-json\/wp\/v2\/users\/1"}],"replies":[{"embeddable":true,"href":"https:\/\/justhanger.store\/sl\/wp-json\/wp\/v2\/comments?post=38418"}],"version-history":[{"count":0,"href":"https:\/\/justhanger.store\/sl\/wp-json\/wp\/v2\/pages\/38418\/revisions"}],"wp:attachment":[{"href":"https:\/\/justhanger.store\/sl\/wp-json\/wp\/v2\/media?parent=38418"}],"curies":[{"name":"wp","href":"https:\/\/api.w.org\/{rel}","templated":true}]}}