{"id":39579,"date":"2025-10-22T12:14:51","date_gmt":"2025-10-22T12:14:51","guid":{"rendered":"https:\/\/justhanger.store\/?post_type=product&#038;p=39579"},"modified":"2025-10-22T12:35:59","modified_gmt":"2025-10-22T12:35:59","slug":"helena-woman-clips","status":"publish","type":"product","link":"https:\/\/justhanger.store\/sl\/izdelek\/helena-woman-clips\/","title":{"rendered":"Helena woman clips"},"content":{"rendered":"","protected":false},"excerpt":{"rendered":"<ul>\n<li>Spodnji obe\u0161alniki za krila, ve\u010dinoma uporabljeni v trgovinah za izlo\u017ebe na isti ravni kot zgornji obe\u0161alniki.<\/li>\n<\/ul>","protected":false},"featured_media":39529,"comment_status":"open","ping_status":"closed","template":"","meta":{"_acf_changed":false,"_et_pb_use_builder":"","_et_pb_old_content":"","_et_gb_content_width":"","_monsterinsights_skip_tracking":false,"_monsterinsights_sitenote_active":false,"_monsterinsights_sitenote_note":"","_monsterinsights_sitenote_category":0},"product_brand":[],"product_cat":[21],"product_tag":[],"class_list":{"0":"post-39579","1":"product","2":"type-product","3":"status-publish","4":"has-post-thumbnail","6":"product_cat-shirts","8":"first","9":"instock","10":"taxable","11":"shipping-taxable","12":"purchasable","13":"product-type-simple"},"acf":[],"yoast_head":"<!-- This site is optimized with the Yoast SEO plugin v26.1.1 - https:\/\/yoast.com\/wordpress\/plugins\/seo\/ -->\n<title>Helena woman clips - Just Hanger<\/title>\n<meta name=\"robots\" content=\"index, follow, max-snippet:-1, max-image-preview:large, max-video-preview:-1\" \/>\n<link rel=\"canonical\" href=\"https:\/\/justhanger.store\/sl\/izdelek\/helena-woman-clips\/\" \/>\n<meta property=\"og:locale\" content=\"sl_SI\" \/>\n<meta property=\"og:type\" content=\"article\" \/>\n<meta property=\"og:title\" content=\"Helena woman clips - Just Hanger\" \/>\n<meta property=\"og:description\" content=\"Bottom hangers for skirts, mostly use for shops to have display at same level as top hanger.\" \/>\n<meta property=\"og:url\" content=\"https:\/\/justhanger.store\/sl\/wp-json\/wp\/v2\/product\/39579\" \/>\n<meta property=\"og:site_name\" content=\"Just Hanger\" \/>\n<meta property=\"article:modified_time\" content=\"2025-10-22T12:35:59+00:00\" \/>\n<meta property=\"og:image\" content=\"https:\/\/justhanger.store\/wp-content\/uploads\/2025\/10\/13-Helena-woman-clips.png\" \/>\n\t<meta property=\"og:image:width\" content=\"1000\" \/>\n\t<meta property=\"og:image:height\" content=\"800\" \/>\n\t<meta property=\"og:image:type\" content=\"image\/png\" \/>\n<meta name=\"twitter:card\" content=\"summary_large_image\" \/>\n<meta name=\"twitter:label1\" content=\"Est. reading time\" \/>\n\t<meta name=\"twitter:data1\" content=\"1 minuta\" \/>\n<script type=\"application\/ld+json\" class=\"yoast-schema-graph\">{\"@context\":\"https:\/\/schema.org\",\"@graph\":[{\"@type\":\"WebPage\",\"@id\":\"https:\/\/justhanger.store\/product\/helena-woman-clips\/\",\"url\":\"https:\/\/justhanger.store\/product\/helena-woman-clips\/\",\"name\":\"Helena woman clips - Just Hanger\",\"isPartOf\":{\"@id\":\"https:\/\/justhanger.store\/#website\"},\"primaryImageOfPage\":{\"@id\":\"https:\/\/justhanger.store\/product\/helena-woman-clips\/#primaryimage\"},\"image\":{\"@id\":\"https:\/\/justhanger.store\/product\/helena-woman-clips\/#primaryimage\"},\"thumbnailUrl\":\"https:\/\/justhanger.store\/wp-content\/uploads\/2025\/10\/13-Helena-woman-clips.png\",\"datePublished\":\"2025-10-22T12:14:51+00:00\",\"dateModified\":\"2025-10-22T12:35:59+00:00\",\"breadcrumb\":{\"@id\":\"https:\/\/justhanger.store\/product\/helena-woman-clips\/#breadcrumb\"},\"inLanguage\":\"sl-SI\",\"potentialAction\":[{\"@type\":\"ReadAction\",\"target\":[\"https:\/\/justhanger.store\/product\/helena-woman-clips\/\"]}]},{\"@type\":\"ImageObject\",\"inLanguage\":\"sl-SI\",\"@id\":\"https:\/\/justhanger.store\/product\/helena-woman-clips\/#primaryimage\",\"url\":\"https:\/\/justhanger.store\/wp-content\/uploads\/2025\/10\/13-Helena-woman-clips.png\",\"contentUrl\":\"https:\/\/justhanger.store\/wp-content\/uploads\/2025\/10\/13-Helena-woman-clips.png\",\"width\":1000,\"height\":800},{\"@type\":\"BreadcrumbList\",\"@id\":\"https:\/\/justhanger.store\/product\/helena-woman-clips\/#breadcrumb\",\"itemListElement\":[{\"@type\":\"ListItem\",\"position\":1,\"name\":\"Home\",\"item\":\"https:\/\/justhanger.store\/\"},{\"@type\":\"ListItem\",\"position\":2,\"name\":\"Shop\",\"item\":\"https:\/\/justhanger.store\/sl\/trgovina\/\"},{\"@type\":\"ListItem\",\"position\":3,\"name\":\"Helena woman clips\"}]},{\"@type\":\"WebSite\",\"@id\":\"https:\/\/justhanger.store\/#website\",\"url\":\"https:\/\/justhanger.store\/\",\"name\":\"Just Hanger\",\"description\":\"Just another WordPress site\",\"potentialAction\":[{\"@type\":\"SearchAction\",\"target\":{\"@type\":\"EntryPoint\",\"urlTemplate\":\"https:\/\/justhanger.store\/?s={search_term_string}\"},\"query-input\":{\"@type\":\"PropertyValueSpecification\",\"valueRequired\":true,\"valueName\":\"search_term_string\"}}],\"inLanguage\":\"sl-SI\"}]}<\/script>\n<!-- \/ Yoast SEO plugin. -->","yoast_head_json":{"title":"Helena woman clips - Just Hanger","robots":{"index":"index","follow":"follow","max-snippet":"max-snippet:-1","max-image-preview":"max-image-preview:large","max-video-preview":"max-video-preview:-1"},"canonical":"https:\/\/justhanger.store\/sl\/izdelek\/helena-woman-clips\/","og_locale":"sl_SI","og_type":"article","og_title":"Helena woman clips - Just Hanger","og_description":"Bottom hangers for skirts, mostly use for shops to have display at same level as top hanger.","og_url":"https:\/\/justhanger.store\/sl\/wp-json\/wp\/v2\/product\/39579","og_site_name":"Just Hanger","article_modified_time":"2025-10-22T12:35:59+00:00","og_image":[{"width":1000,"height":800,"url":"https:\/\/justhanger.store\/wp-content\/uploads\/2025\/10\/13-Helena-woman-clips.png","type":"image\/png"}],"twitter_card":"summary_large_image","twitter_misc":{"Est. reading time":"1 minuta"},"schema":{"@context":"https:\/\/schema.org","@graph":[{"@type":"WebPage","@id":"https:\/\/justhanger.store\/product\/helena-woman-clips\/","url":"https:\/\/justhanger.store\/product\/helena-woman-clips\/","name":"Helena woman clips - Just Hanger","isPartOf":{"@id":"https:\/\/justhanger.store\/#website"},"primaryImageOfPage":{"@id":"https:\/\/justhanger.store\/product\/helena-woman-clips\/#primaryimage"},"image":{"@id":"https:\/\/justhanger.store\/product\/helena-woman-clips\/#primaryimage"},"thumbnailUrl":"https:\/\/justhanger.store\/wp-content\/uploads\/2025\/10\/13-Helena-woman-clips.png","datePublished":"2025-10-22T12:14:51+00:00","dateModified":"2025-10-22T12:35:59+00:00","breadcrumb":{"@id":"https:\/\/justhanger.store\/product\/helena-woman-clips\/#breadcrumb"},"inLanguage":"sl-SI","potentialAction":[{"@type":"ReadAction","target":["https:\/\/justhanger.store\/product\/helena-woman-clips\/"]}]},{"@type":"ImageObject","inLanguage":"sl-SI","@id":"https:\/\/justhanger.store\/product\/helena-woman-clips\/#primaryimage","url":"https:\/\/justhanger.store\/wp-content\/uploads\/2025\/10\/13-Helena-woman-clips.png","contentUrl":"https:\/\/justhanger.store\/wp-content\/uploads\/2025\/10\/13-Helena-woman-clips.png","width":1000,"height":800},{"@type":"BreadcrumbList","@id":"https:\/\/justhanger.store\/product\/helena-woman-clips\/#breadcrumb","itemListElement":[{"@type":"ListItem","position":1,"name":"Home","item":"https:\/\/justhanger.store\/"},{"@type":"ListItem","position":2,"name":"Shop","item":"https:\/\/justhanger.store\/sl\/trgovina\/"},{"@type":"ListItem","position":3,"name":"Helena woman clips"}]},{"@type":"WebSite","@id":"https:\/\/justhanger.store\/#website","url":"https:\/\/justhanger.store\/","name":"Just Hanger","description":"Just another WordPress site","potentialAction":[{"@type":"SearchAction","target":{"@type":"EntryPoint","urlTemplate":"https:\/\/justhanger.store\/?s={search_term_string}"},"query-input":{"@type":"PropertyValueSpecification","valueRequired":true,"valueName":"search_term_string"}}],"inLanguage":"sl-SI"}]}},"_links":{"self":[{"href":"https:\/\/justhanger.store\/sl\/wp-json\/wp\/v2\/product\/39579","targetHints":{"allow":["GET"]}}],"collection":[{"href":"https:\/\/justhanger.store\/sl\/wp-json\/wp\/v2\/product"}],"about":[{"href":"https:\/\/justhanger.store\/sl\/wp-json\/wp\/v2\/types\/product"}],"replies":[{"embeddable":true,"href":"https:\/\/justhanger.store\/sl\/wp-json\/wp\/v2\/comments?post=39579"}],"wp:featuredmedia":[{"embeddable":true,"href":"https:\/\/justhanger.store\/sl\/wp-json\/wp\/v2\/media\/39529"}],"wp:attachment":[{"href":"https:\/\/justhanger.store\/sl\/wp-json\/wp\/v2\/media?parent=39579"}],"wp:term":[{"taxonomy":"product_brand","embeddable":true,"href":"https:\/\/justhanger.store\/sl\/wp-json\/wp\/v2\/product_brand?post=39579"},{"taxonomy":"product_cat","embeddable":true,"href":"https:\/\/justhanger.store\/sl\/wp-json\/wp\/v2\/product_cat?post=39579"},{"taxonomy":"product_tag","embeddable":true,"href":"https:\/\/justhanger.store\/sl\/wp-json\/wp\/v2\/product_tag?post=39579"}],"curies":[{"name":"wp","href":"https:\/\/api.w.org\/{rel}","templated":true}]}}